{"id":32,"date":"2020-01-27T07:42:51","date_gmt":"2020-01-27T07:42:51","guid":{"rendered":"http:\/\/villa-tramonto.eu\/?page_id=32"},"modified":"2023-04-06T08:34:54","modified_gmt":"2023-04-06T06:34:54","slug":"home","status":"publish","type":"page","link":"https:\/\/villa-tramonto.eu\/hr\/","title":{"rendered":"PO\u010cETNA"},"content":{"rendered":"<div data-elementor-type=\"wp-page\" data-elementor-id=\"32\" class=\"elementor elementor-32\">\n\t\t\t\t\t\t\t\t\t<section class=\"elementor-section elementor-top-section elementor-element elementor-element-76d79cca elementor-section-boxed elementor-section-height-default elementor-section-height-default\" data-id=\"76d79cca\" data-element_type=\"section\" data-settings=\"{&quot;background_background&quot;:&quot;slideshow&quot;,&quot;background_slideshow_gallery&quot;:[{&quot;id&quot;:126,&quot;url&quot;:&quot;http:\\\/\\\/villa-tramonto.eu\\\/wp-content\\\/uploads\\\/2020\\\/01\\\/villaaa.jpg&quot;},{&quot;id&quot;:127,&quot;url&quot;:&quot;http:\\\/\\\/villa-tramonto.eu\\\/wp-content\\\/uploads\\\/2020\\\/01\\\/civ_associated_21.jpg&quot;},{&quot;id&quot;:128,&quot;url&quot;:&quot;http:\\\/\\\/villa-tramonto.eu\\\/wp-content\\\/uploads\\\/2020\\\/01\\\/civ711_main_03.jpg&quot;},{&quot;id&quot;:125,&quot;url&quot;:&quot;http:\\\/\\\/villa-tramonto.eu\\\/wp-content\\\/uploads\\\/2020\\\/01\\\/civ711_outdoor_07.jpg&quot;}],&quot;background_slideshow_loop&quot;:&quot;yes&quot;,&quot;background_slideshow_slide_duration&quot;:5000,&quot;background_slideshow_slide_transition&quot;:&quot;fade&quot;,&quot;background_slideshow_transition_duration&quot;:500}\">\n\t\t\t\t\t\t\t<div class=\"elementor-background-overlay\"><\/div>\n\t\t\t\t\t\t\t<div class=\"elementor-container elementor-column-gap-default\">\n\t\t\t\t\t<div class=\"elementor-column elementor-col-100 elementor-top-column elementor-element elementor-element-6e6a85fb\" data-id=\"6e6a85fb\" data-element_type=\"column\">\n\t\t\t<div class=\"elementor-widget-wrap elementor-element-populated\">\n\t\t\t\t\t\t\t\t<div class=\"elementor-element elementor-element-3b5d3fe1 elementor-widget elementor-widget-heading\" data-id=\"3b5d3fe1\" data-element_type=\"widget\" data-widget_type=\"heading.default\">\n\t\t\t\t<div class=\"elementor-widget-container\">\n\t\t\t<p class=\"elementor-heading-title elementor-size-large\">U\u017eivajte u najboljem iskustvu!<\/p>\t\t<\/div>\n\t\t\t\t<\/div>\n\t\t\t\t<div class=\"elementor-element elementor-element-3e7aaeff elementor-align-center elementor-widget elementor-widget-button\" data-id=\"3e7aaeff\" data-element_type=\"widget\" data-widget_type=\"button.default\">\n\t\t\t\t<div class=\"elementor-widget-container\">\n\t\t\t\t\t<div class=\"elementor-button-wrapper\">\n\t\t\t<a class=\"elementor-button elementor-button-link elementor-size-lg\" href=\"https:\/\/villa-tramonto.eu\/hr\/about-bale\/\">\n\t\t\t\t\t\t<span class=\"elementor-button-content-wrapper\">\n\t\t\t\t\t\t<span class=\"elementor-button-text\">O BALAMA<\/span>\n\t\t<\/span>\n\t\t\t\t\t<\/a>\n\t\t<\/div>\n\t\t\t\t<\/div>\n\t\t\t\t<\/div>\n\t\t\t\t\t<\/div>\n\t\t<\/div>\n\t\t\t\t\t\t\t<\/div>\n\t\t<\/section>\n\t\t\t\t<section class=\"elementor-section elementor-top-section elementor-element elementor-element-0f84c29 elementor-section-boxed elementor-section-height-default elementor-section-height-default\" data-id=\"0f84c29\" data-element_type=\"section\" data-settings=\"{&quot;background_background&quot;:&quot;gradient&quot;}\">\n\t\t\t\t\t\t<div class=\"elementor-container elementor-column-gap-default\">\n\t\t\t\t\t<div class=\"elementor-column elementor-col-100 elementor-top-column elementor-element elementor-element-a6f1eb2\" data-id=\"a6f1eb2\" data-element_type=\"column\">\n\t\t\t<div class=\"elementor-widget-wrap elementor-element-populated\">\n\t\t\t\t\t\t\t\t<div class=\"elementor-element elementor-element-740a302 elementor-widget elementor-widget-heading\" data-id=\"740a302\" data-element_type=\"widget\" data-widget_type=\"heading.default\">\n\t\t\t\t<div class=\"elementor-widget-container\">\n\t\t\t<h2 class=\"elementor-heading-title elementor-size-large\">Dobrodo\u0161li<\/h2>\t\t<\/div>\n\t\t\t\t<\/div>\n\t\t\t\t<div class=\"elementor-element elementor-element-617147f elementor-widget elementor-widget-text-editor\" data-id=\"617147f\" data-element_type=\"widget\" data-widget_type=\"text-editor.default\">\n\t\t\t\t<div class=\"elementor-widget-container\">\n\t\t\t\t\t\t\t<p>Nedaleko od centra mjesta Bale, na ogra\u0111enoj parceli nalazi se ova lijepa ku\u0107a za odmor. Moderan i ukusno ure\u0111en interijer prote\u017ee se kroz prizemlje i prvi kat i pru\u017eit \u0107e vam udobnost potrebnu za kvalitetan odmor. Ispred ku\u0107e se nalazi prostrana natkrivena terasa, idealna za opu\u0161tanje kao i za zabavu jer se na njoj nalaze pikado i stolni nogomet. Osvje\u017eite se od ljetnih vru\u0107ina u lijepom bazenu i opustite du\u0161u i tijelo dok se odmarate na udobnim le\u017ealjkama. Za dnevne izlete preporu\u010dujemo posjet gradovima Puli, Rovinju i Pore\u010du koji obiluju raznim ljetnim doga\u0111anjima za sve uzraste, kao i obilazak otoka Brijuna koji \u0107e vas odu\u0161eviti svojim prirodnim ljepotama. U Vili Tramonto svaki trenutak mo\u017eete napraviti pauzirati i u\u017eivati \u200b\u200bu malim stvarima; osmijesi, lijepi dani, svje\u017eina vode i hladovina borova. Do\u0111ite stvoriti uspomene koje \u0107e trajati cijeli \u017eivot.<\/p>\t\t\t\t\t\t<\/div>\n\t\t\t\t<\/div>\n\t\t\t\t<div class=\"elementor-element elementor-element-b6ec226 elementor-align-center elementor-widget elementor-widget-button\" data-id=\"b6ec226\" data-element_type=\"widget\" data-widget_type=\"button.default\">\n\t\t\t\t<div class=\"elementor-widget-container\">\n\t\t\t\t\t<div class=\"elementor-button-wrapper\">\n\t\t\t<a class=\"elementor-button elementor-button-link elementor-size-md\" href=\"https:\/\/villa-tramonto.eu\/hr\/contact\/\">\n\t\t\t\t\t\t<span class=\"elementor-button-content-wrapper\">\n\t\t\t\t\t\t<span class=\"elementor-button-icon elementor-align-icon-right\">\n\t\t\t\t<i aria-hidden=\"true\" class=\"far fa-arrow-alt-circle-right\"><\/i>\t\t\t<\/span>\n\t\t\t\t\t\t<span class=\"elementor-button-text\">Upoznajmo se <\/span>\n\t\t<\/span>\n\t\t\t\t\t<\/a>\n\t\t<\/div>\n\t\t\t\t<\/div>\n\t\t\t\t<\/div>\n\t\t\t\t\t<\/div>\n\t\t<\/div>\n\t\t\t\t\t\t\t<\/div>\n\t\t<\/section>\n\t\t\t\t<section class=\"elementor-section elementor-top-section elementor-element elementor-element-187627f elementor-section-boxed elementor-section-height-default elementor-section-height-default\" data-id=\"187627f\" data-element_type=\"section\" data-settings=\"{&quot;background_background&quot;:&quot;gradient&quot;}\">\n\t\t\t\t\t\t<div class=\"elementor-container elementor-column-gap-default\">\n\t\t\t\t\t<div class=\"elementor-column elementor-col-100 elementor-top-column elementor-element elementor-element-920ab18\" data-id=\"920ab18\" data-element_type=\"column\">\n\t\t\t<div class=\"elementor-widget-wrap elementor-element-populated\">\n\t\t\t\t\t\t\t\t<div class=\"elementor-element elementor-element-cbb1d73 elementor-widget elementor-widget-video\" data-id=\"cbb1d73\" data-element_type=\"widget\" data-settings=\"{&quot;youtube_url&quot;:&quot;https:\\\/\\\/www.youtube.com\\\/watch?v=8vU-8tERSYM&quot;,&quot;autoplay&quot;:&quot;yes&quot;,&quot;video_type&quot;:&quot;youtube&quot;,&quot;controls&quot;:&quot;yes&quot;}\" data-widget_type=\"video.default\">\n\t\t\t\t<div class=\"elementor-widget-container\">\n\t\t\t\t\t<div class=\"elementor-wrapper elementor-open-inline\">\n\t\t\t<div class=\"elementor-video\"><\/div>\t\t<\/div>\n\t\t\t\t<\/div>\n\t\t\t\t<\/div>\n\t\t\t\t<div class=\"elementor-element elementor-element-d15378b elementor-widget elementor-widget-image-gallery\" data-id=\"d15378b\" data-element_type=\"widget\" data-widget_type=\"image-gallery.default\">\n\t\t\t\t<div class=\"elementor-widget-container\">\n\t\t\t\t\t<div class=\"elementor-image-gallery\">\n\t\t\t<div id='gallery-1' class='gallery galleryid-32 gallery-columns-4 gallery-size-large'><figure class='gallery-item'>\n\t\t\t<div class='gallery-icon landscape'>\n\t\t\t\t<a data-elementor-open-lightbox=\"yes\" data-elementor-lightbox-slideshow=\"d15378b\" data-elementor-lightbox-title=\"Bale\" data-e-action-hash=\"#elementor-action%3Aaction%3Dlightbox%26settings%3DeyJpZCI6MjgxLCJ1cmwiOiJodHRwczpcL1wvdmlsbGEtdHJhbW9udG8uZXVcL3dwLWNvbnRlbnRcL3VwbG9hZHNcLzIwMjBcLzAxXC9jaXZfYXNzb2NpYXRlZF8yMS0xLmpwZyIsInNsaWRlc2hvdyI6ImQxNTM3OGIifQ%3D%3D\" href='https:\/\/villa-tramonto.eu\/wp-content\/uploads\/2020\/01\/civ_associated_21-1.jpg'><img loading=\"lazy\" decoding=\"async\" width=\"1024\" height=\"652\" src=\"https:\/\/villa-tramonto.eu\/wp-content\/uploads\/2020\/01\/civ_associated_21-1.jpg\" class=\"attachment-large size-large\" alt=\"\" srcset=\"https:\/\/villa-tramonto.eu\/wp-content\/uploads\/2020\/01\/civ_associated_21-1.jpg 1024w, https:\/\/villa-tramonto.eu\/wp-content\/uploads\/2020\/01\/civ_associated_21-1-300x191.jpg 300w, https:\/\/villa-tramonto.eu\/wp-content\/uploads\/2020\/01\/civ_associated_21-1-768x489.jpg 768w\" sizes=\"(max-width: 1024px) 100vw, 1024px\" \/><\/a>\n\t\t\t<\/div><\/figure><figure class='gallery-item'>\n\t\t\t<div class='gallery-icon landscape'>\n\t\t\t\t<a data-elementor-open-lightbox=\"yes\" data-elementor-lightbox-slideshow=\"d15378b\" data-elementor-lightbox-title=\"outdoor_07\" data-e-action-hash=\"#elementor-action%3Aaction%3Dlightbox%26settings%3DeyJpZCI6MTkxLCJ1cmwiOiJodHRwczpcL1wvdmlsbGEtdHJhbW9udG8uZXVcL3dwLWNvbnRlbnRcL3VwbG9hZHNcLzIwMjBcLzAxXC9vdXRkb29yXzA3LmpwZyIsInNsaWRlc2hvdyI6ImQxNTM3OGIifQ%3D%3D\" href='https:\/\/villa-tramonto.eu\/wp-content\/uploads\/2020\/01\/outdoor_07.jpg'><img loading=\"lazy\" decoding=\"async\" width=\"300\" height=\"191\" src=\"https:\/\/villa-tramonto.eu\/wp-content\/uploads\/2020\/01\/outdoor_07.jpg\" class=\"attachment-large size-large\" alt=\"\" \/><\/a>\n\t\t\t<\/div><\/figure><figure class='gallery-item'>\n\t\t\t<div class='gallery-icon landscape'>\n\t\t\t\t<a data-elementor-open-lightbox=\"yes\" data-elementor-lightbox-slideshow=\"d15378b\" data-elementor-lightbox-title=\"outdoor_08\" data-e-action-hash=\"#elementor-action%3Aaction%3Dlightbox%26settings%3DeyJpZCI6MTkyLCJ1cmwiOiJodHRwczpcL1wvdmlsbGEtdHJhbW9udG8uZXVcL3dwLWNvbnRlbnRcL3VwbG9hZHNcLzIwMjBcLzAxXC9vdXRkb29yXzA4LmpwZyIsInNsaWRlc2hvdyI6ImQxNTM3OGIifQ%3D%3D\" href='https:\/\/villa-tramonto.eu\/wp-content\/uploads\/2020\/01\/outdoor_08.jpg'><img loading=\"lazy\" decoding=\"async\" width=\"300\" height=\"191\" src=\"https:\/\/villa-tramonto.eu\/wp-content\/uploads\/2020\/01\/outdoor_08.jpg\" class=\"attachment-large size-large\" alt=\"\" \/><\/a>\n\t\t\t<\/div><\/figure><figure class='gallery-item'>\n\t\t\t<div class='gallery-icon landscape'>\n\t\t\t\t<a data-elementor-open-lightbox=\"yes\" data-elementor-lightbox-slideshow=\"d15378b\" data-elementor-lightbox-title=\"civ711_main_03\" data-e-action-hash=\"#elementor-action%3Aaction%3Dlightbox%26settings%3DeyJpZCI6MTI4LCJ1cmwiOiJodHRwczpcL1wvdmlsbGEtdHJhbW9udG8uZXVcL3dwLWNvbnRlbnRcL3VwbG9hZHNcLzIwMjBcLzAxXC9jaXY3MTFfbWFpbl8wMy5qcGciLCJzbGlkZXNob3ciOiJkMTUzNzhiIn0%3D\" href='https:\/\/villa-tramonto.eu\/wp-content\/uploads\/2020\/01\/civ711_main_03.jpg'><img loading=\"lazy\" decoding=\"async\" width=\"1024\" height=\"652\" src=\"https:\/\/villa-tramonto.eu\/wp-content\/uploads\/2020\/01\/civ711_main_03.jpg\" class=\"attachment-large size-large\" alt=\"\" srcset=\"https:\/\/villa-tramonto.eu\/wp-content\/uploads\/2020\/01\/civ711_main_03.jpg 1024w, https:\/\/villa-tramonto.eu\/wp-content\/uploads\/2020\/01\/civ711_main_03-300x191.jpg 300w, https:\/\/villa-tramonto.eu\/wp-content\/uploads\/2020\/01\/civ711_main_03-768x489.jpg 768w\" sizes=\"(max-width: 1024px) 100vw, 1024px\" \/><\/a>\n\t\t\t<\/div><\/figure>\n\t\t<\/div>\n\t\t<\/div>\n\t\t\t\t<\/div>\n\t\t\t\t<\/div>\n\t\t\t\t\t<\/div>\n\t\t<\/div>\n\t\t\t\t\t\t\t<\/div>\n\t\t<\/section>\n\t\t\t\t<section class=\"elementor-section elementor-top-section elementor-element elementor-element-3c4c556 elementor-section-boxed elementor-section-height-default elementor-section-height-default\" data-id=\"3c4c556\" data-element_type=\"section\">\n\t\t\t\t\t\t<div class=\"elementor-container elementor-column-gap-default\">\n\t\t\t\t\t<div class=\"elementor-column elementor-col-100 elementor-top-column elementor-element elementor-element-aff9103\" data-id=\"aff9103\" data-element_type=\"column\">\n\t\t\t<div class=\"elementor-widget-wrap elementor-element-populated\">\n\t\t\t\t\t\t\t\t<div class=\"elementor-element elementor-element-b55d704 elementor-shape-circle elementor-grid-0 e-grid-align-center elementor-widget elementor-widget-social-icons\" data-id=\"b55d704\" data-element_type=\"widget\" data-widget_type=\"social-icons.default\">\n\t\t\t\t<div class=\"elementor-widget-container\">\n\t\t\t\t\t<div class=\"elementor-social-icons-wrapper elementor-grid\">\n\t\t\t\t\t\t\t<span class=\"elementor-grid-item\">\n\t\t\t\t\t<a class=\"elementor-icon elementor-social-icon elementor-social-icon-facebook elementor-repeater-item-ec3da9e\" href=\"https:\/\/www.facebook.com\/vilatramonto\/\" target=\"_blank\">\n\t\t\t\t\t\t<span class=\"elementor-screen-only\">Facebook<\/span>\n\t\t\t\t\t\t<i class=\"fab fa-facebook\"><\/i>\t\t\t\t\t<\/a>\n\t\t\t\t<\/span>\n\t\t\t\t\t<\/div>\n\t\t\t\t<\/div>\n\t\t\t\t<\/div>\n\t\t\t\t\t<\/div>\n\t\t<\/div>\n\t\t\t\t\t\t\t<\/div>\n\t\t<\/section>\n\t\t\t\t\t\t\t<\/div>","protected":false},"excerpt":{"rendered":"<p>Enjoy the best expiriance! ABOUT BALE Welcome Not far from the town center of Bale, on a fenced plot is located this lovely holiday home. The stylish and tastefully decorated interior extends through the ground floor and the first floor, and will provide the comfort you need for a quality vacation. In front of the [&hellip;]<\/p>","protected":false},"author":1,"featured_media":0,"parent":0,"menu_order":0,"comment_status":"closed","ping_status":"closed","template":"","meta":{"footnotes":""},"aioseo_notices":[],"_links":{"self":[{"href":"https:\/\/villa-tramonto.eu\/hr\/wp-json\/wp\/v2\/pages\/32"}],"collection":[{"href":"https:\/\/villa-tramonto.eu\/hr\/wp-json\/wp\/v2\/pages"}],"about":[{"href":"https:\/\/villa-tramonto.eu\/hr\/wp-json\/wp\/v2\/types\/page"}],"author":[{"embeddable":true,"href":"https:\/\/villa-tramonto.eu\/hr\/wp-json\/wp\/v2\/users\/1"}],"replies":[{"embeddable":true,"href":"https:\/\/villa-tramonto.eu\/hr\/wp-json\/wp\/v2\/comments?post=32"}],"version-history":[{"count":114,"href":"https:\/\/villa-tramonto.eu\/hr\/wp-json\/wp\/v2\/pages\/32\/revisions"}],"predecessor-version":[{"id":513,"href":"https:\/\/villa-tramonto.eu\/hr\/wp-json\/wp\/v2\/pages\/32\/revisions\/513"}],"wp:attachment":[{"href":"https:\/\/villa-tramonto.eu\/hr\/wp-json\/wp\/v2\/media?parent=32"}],"curies":[{"name":"wp","href":"https:\/\/api.w.org\/{rel}","templated":true}]}}